{"id":3208,"date":"2024-10-25T16:43:41","date_gmt":"2024-10-25T16:43:41","guid":{"rendered":"https:\/\/singulardendak.com\/?page_id=3208"},"modified":"2025-05-19T07:27:26","modified_gmt":"2025-05-19T07:27:26","slug":"albisteak-eta-gertaerak","status":"publish","type":"page","link":"https:\/\/singulardendak.com\/?page_id=3208&lang=eu","title":{"rendered":"Albisteak"},"content":{"rendered":"\t\t<div data-elementor-type=\"wp-page\" data-elementor-id=\"3208\" class=\"elementor elementor-3208 elementor-36\" data-elementor-settings=\"{&quot;ha_cmc_init_switcher&quot;:&quot;no&quot;}\" data-elementor-post-type=\"page\">\n\t\t\t\t<div class=\"elementor-element elementor-element-8952f1b e-flex e-con-boxed e-con e-parent\" data-id=\"8952f1b\" data-element_type=\"container\" data-e-type=\"container\" data-settings=\"{&quot;_ha_eqh_enable&quot;:false}\">\n\t\t\t\t\t<div class=\"e-con-inner\">\n\t\t<div class=\"elementor-element elementor-element-68204d5 e-flex e-con-boxed e-con e-child\" data-id=\"68204d5\" data-element_type=\"container\" data-e-type=\"container\" data-settings=\"{&quot;background_background&quot;:&quot;classic&quot;,&quot;_ha_eqh_enable&quot;:false}\">\n\t\t\t\t\t<div class=\"e-con-inner\">\n\t\t<div class=\"elementor-element elementor-element-7915753 e-con-full e-flex e-con e-child\" data-id=\"7915753\" data-element_type=\"container\" data-e-type=\"container\" data-settings=\"{&quot;_ha_eqh_enable&quot;:false}\">\n\t\t\t\t<div class=\"elementor-element elementor-element-4542f0a elementor-invisible elementor-widget elementor-widget-heading\" data-id=\"4542f0a\" data-element_type=\"widget\" data-e-type=\"widget\" data-settings=\"{&quot;_animation&quot;:&quot;fadeInUp&quot;}\" data-widget_type=\"heading.default\">\n\t\t\t\t\t<h2 class=\"elementor-heading-title elementor-size-default\">Albisteak<\/h2>\t\t\t\t<\/div>\n\t\t\t\t<\/div>\n\t\t\t\t\t<\/div>\n\t\t\t\t<\/div>\n\t\t\t\t\t<\/div>\n\t\t\t\t<\/div>\n\t\t<div class=\"elementor-element elementor-element-1b23941a e-flex e-con-boxed e-con e-parent\" data-id=\"1b23941a\" data-element_type=\"container\" data-e-type=\"container\" data-settings=\"{&quot;_ha_eqh_enable&quot;:false}\">\n\t\t\t\t\t<div class=\"e-con-inner\">\n\t\t\t\t<div class=\"elementor-element elementor-element-57b75681 elementor-posts--align-center elementor-grid-3 elementor-grid-tablet-2 elementor-grid-mobile-1 elementor-posts--thumbnail-top elementor-widget elementor-widget-posts\" data-id=\"57b75681\" data-element_type=\"widget\" data-e-type=\"widget\" data-settings=\"{&quot;pagination_type&quot;:&quot;numbers&quot;,&quot;classic_row_gap_widescreen&quot;:{&quot;unit&quot;:&quot;px&quot;,&quot;size&quot;:46,&quot;sizes&quot;:[]},&quot;classic_row_gap&quot;:{&quot;unit&quot;:&quot;px&quot;,&quot;size&quot;:70,&quot;sizes&quot;:[]},&quot;classic_row_gap_laptop&quot;:{&quot;unit&quot;:&quot;px&quot;,&quot;size&quot;:38,&quot;sizes&quot;:[]},&quot;classic_row_gap_mobile&quot;:{&quot;unit&quot;:&quot;px&quot;,&quot;size&quot;:31,&quot;sizes&quot;:[]},&quot;classic_columns&quot;:&quot;3&quot;,&quot;classic_columns_tablet&quot;:&quot;2&quot;,&quot;classic_columns_mobile&quot;:&quot;1&quot;,&quot;classic_row_gap_tablet_extra&quot;:{&quot;unit&quot;:&quot;px&quot;,&quot;size&quot;:&quot;&quot;,&quot;sizes&quot;:[]},&quot;classic_row_gap_tablet&quot;:{&quot;unit&quot;:&quot;px&quot;,&quot;size&quot;:&quot;&quot;,&quot;sizes&quot;:[]},&quot;classic_row_gap_mobile_extra&quot;:{&quot;unit&quot;:&quot;px&quot;,&quot;size&quot;:&quot;&quot;,&quot;sizes&quot;:[]}}\" data-widget_type=\"posts.classic\">\n\t\t\t\t<div class=\"elementor-widget-container\">\n\t\t\t\t\t\t\t<div class=\"elementor-posts-container elementor-posts elementor-posts--skin-classic elementor-grid\" role=\"list\">\n\t\t\t\t<article class=\"elementor-post elementor-grid-item post-8798 post type-post status-publish format-standard has-post-thumbnail hentry category-eventos category-sin-categorizar\" role=\"listitem\">\n\t\t\t\t<a class=\"elementor-post__thumbnail__link\" href=\"https:\/\/singulardendak.com\/?p=8798\" tabindex=\"-1\" >\n\t\t\t<div class=\"elementor-post__thumbnail\"><img fetchpriority=\"high\" decoding=\"async\" width=\"600\" height=\"451\" src=\"https:\/\/singulardendak.com\/wp-content\/uploads\/2024\/12\/comarca-de-Debagoiena.webp\" class=\"attachment-full size-full wp-image-8799\" alt=\"\" srcset=\"https:\/\/singulardendak.com\/wp-content\/uploads\/2024\/12\/comarca-de-Debagoiena.webp 600w, https:\/\/singulardendak.com\/wp-content\/uploads\/2024\/12\/comarca-de-Debagoiena-300x226.webp 300w\" sizes=\"(max-width: 600px) 100vw, 600px\" \/><\/div>\n\t\t<\/a>\n\t\t\t\t<div class=\"elementor-post__text\">\n\t\t\t\t<h3 class=\"elementor-post__title\">\n\t\t\t<a href=\"https:\/\/singulardendak.com\/?p=8798\" >\n\t\t\t\t\u00abNi Singular Naiz\u00bb en la comarca de Debagoiena\t\t\t<\/a>\n\t\t<\/h3>\n\t\t\t\t<div class=\"elementor-post__excerpt\">\n\t\t\t<p>Esta ma\u00f1ana, en Rueda de prensa celebrada en Arrasate, se ha presentado la campa\u00f1a \u201cNi Singular Naiz\u201d, en la que participan m\u00e1s de 100 comercios guipuzcoanos reconocidos como Singular Dendak.<\/p>\n\t\t<\/div>\n\t\t\n\t\t<a class=\"elementor-post__read-more\" href=\"https:\/\/singulardendak.com\/?p=8798\" aria-label=\"M\u00e1s informaci\u00f3n sobre \u00abNi Singular Naiz\u00bb en la comarca de Debagoiena\" tabindex=\"-1\" >\n\t\t\tGehiago irakurri \"\t\t<\/a>\n\n\t\t\t\t<\/div>\n\t\t\t\t<\/article>\n\t\t\t\t<article class=\"elementor-post elementor-grid-item post-8786 post type-post status-publish format-standard has-post-thumbnail hentry category-eventos category-sin-categorizar\" role=\"listitem\">\n\t\t\t\t<a class=\"elementor-post__thumbnail__link\" href=\"https:\/\/singulardendak.com\/?p=8786\" tabindex=\"-1\" >\n\t\t\t<div class=\"elementor-post__thumbnail\"><img decoding=\"async\" width=\"594\" height=\"446\" src=\"https:\/\/singulardendak.com\/wp-content\/uploads\/2024\/12\/Ni-Singular-Naiz-en-IMAGEN-DESTACADA.webp\" class=\"attachment-full size-full wp-image-8791\" alt=\"\" srcset=\"https:\/\/singulardendak.com\/wp-content\/uploads\/2024\/12\/Ni-Singular-Naiz-en-IMAGEN-DESTACADA.webp 594w, https:\/\/singulardendak.com\/wp-content\/uploads\/2024\/12\/Ni-Singular-Naiz-en-IMAGEN-DESTACADA-300x225.webp 300w\" sizes=\"(max-width: 594px) 100vw, 594px\" \/><\/div>\n\t\t<\/a>\n\t\t\t\t<div class=\"elementor-post__text\">\n\t\t\t\t<h3 class=\"elementor-post__title\">\n\t\t\t<a href=\"https:\/\/singulardendak.com\/?p=8786\" >\n\t\t\t\t\u00abNi Singular Naiz\u00bb en Tolosa\t\t\t<\/a>\n\t\t<\/h3>\n\t\t\t\t<div class=\"elementor-post__excerpt\">\n\t\t\t<p>Hoy jueves 3 de octubre, en Rueda de prensa celebrada en Tolosa, se ha presentado la campa\u00f1a \u201cNi Singular Naiz\u201d, en la que participan m\u00e1s de 100 comercios guipuzcoanos reconocidos<\/p>\n\t\t<\/div>\n\t\t\n\t\t<a class=\"elementor-post__read-more\" href=\"https:\/\/singulardendak.com\/?p=8786\" aria-label=\"M\u00e1s informaci\u00f3n sobre \u00abNi Singular Naiz\u00bb en Tolosa\" tabindex=\"-1\" >\n\t\t\tGehiago irakurri \"\t\t<\/a>\n\n\t\t\t\t<\/div>\n\t\t\t\t<\/article>\n\t\t\t\t<article class=\"elementor-post elementor-grid-item post-8780 post type-post status-publish format-standard has-post-thumbnail hentry category-eventos\" role=\"listitem\">\n\t\t\t\t<a class=\"elementor-post__thumbnail__link\" href=\"https:\/\/singulardendak.com\/?p=8780\" tabindex=\"-1\" >\n\t\t\t<div class=\"elementor-post__thumbnail\"><img decoding=\"async\" width=\"600\" height=\"402\" src=\"https:\/\/singulardendak.com\/wp-content\/uploads\/2024\/12\/PARTICIPANTES-EN-DONOSTIA-SAN.webp\" class=\"attachment-full size-full wp-image-8781\" alt=\"\" srcset=\"https:\/\/singulardendak.com\/wp-content\/uploads\/2024\/12\/PARTICIPANTES-EN-DONOSTIA-SAN.webp 600w, https:\/\/singulardendak.com\/wp-content\/uploads\/2024\/12\/PARTICIPANTES-EN-DONOSTIA-SAN-300x201.webp 300w\" sizes=\"(max-width: 600px) 100vw, 600px\" \/><\/div>\n\t\t<\/a>\n\t\t\t\t<div class=\"elementor-post__text\">\n\t\t\t\t<h3 class=\"elementor-post__title\">\n\t\t\t<a href=\"https:\/\/singulardendak.com\/?p=8780\" >\n\t\t\t\tParticipantes en Donostia-San Sebasti\u00e1n, Renter\u00eda Y Hernani\t\t\t<\/a>\n\t\t<\/h3>\n\t\t\t\t<div class=\"elementor-post__excerpt\">\n\t\t\t<p>La campa\u00f1a se realiza en el marco del programa Singular Dendak, programa dirigido a la diferenciaci\u00f3n, profesionalizaci\u00f3n y modernizaci\u00f3n del comercio guipuzcoano, apoyado por el Departamento de Promoci\u00f3n Econ\u00f3mica, Turismo<\/p>\n\t\t<\/div>\n\t\t\n\t\t<a class=\"elementor-post__read-more\" href=\"https:\/\/singulardendak.com\/?p=8780\" aria-label=\"M\u00e1s informaci\u00f3n sobre Participantes en Donostia-San Sebasti\u00e1n, Renter\u00eda Y Hernani\" tabindex=\"-1\" >\n\t\t\tGehiago irakurri \"\t\t<\/a>\n\n\t\t\t\t<\/div>\n\t\t\t\t<\/article>\n\t\t\t\t<article class=\"elementor-post elementor-grid-item post-8772 post type-post status-publish format-standard has-post-thumbnail hentry category-eventos category-sin-categorizar\" role=\"listitem\">\n\t\t\t\t<a class=\"elementor-post__thumbnail__link\" href=\"https:\/\/singulardendak.com\/?p=8772\" tabindex=\"-1\" >\n\t\t\t<div class=\"elementor-post__thumbnail\"><img loading=\"lazy\" decoding=\"async\" width=\"800\" height=\"802\" src=\"https:\/\/singulardendak.com\/wp-content\/uploads\/2024\/12\/ni-singular-naiz.webp\" class=\"attachment-full size-full wp-image-8775\" alt=\"\" srcset=\"https:\/\/singulardendak.com\/wp-content\/uploads\/2024\/12\/ni-singular-naiz.webp 800w, https:\/\/singulardendak.com\/wp-content\/uploads\/2024\/12\/ni-singular-naiz-300x300.webp 300w, https:\/\/singulardendak.com\/wp-content\/uploads\/2024\/12\/ni-singular-naiz-150x150.webp 150w, https:\/\/singulardendak.com\/wp-content\/uploads\/2024\/12\/ni-singular-naiz-768x770.webp 768w\" sizes=\"(max-width: 800px) 100vw, 800px\" \/><\/div>\n\t\t<\/a>\n\t\t\t\t<div class=\"elementor-post__text\">\n\t\t\t\t<h3 class=\"elementor-post__title\">\n\t\t\t<a href=\"https:\/\/singulardendak.com\/?p=8772\" >\n\t\t\t\tCampa\u00f1a \u00abNi Singular Naiz\u00bb\t\t\t<\/a>\n\t\t<\/h3>\n\t\t\t\t<div class=\"elementor-post__excerpt\">\n\t\t\t<p>Esta ma\u00f1ana, en Rueda de prensa celebrada en la Diputaci\u00f3n Foral de Gipuzkoa, se ha presentado la campa\u00f1a \u201cNi Singular Naiz\u201d, en la que participan m\u00e1s de 100 comercios guipuzcoanos<\/p>\n\t\t<\/div>\n\t\t\n\t\t<a class=\"elementor-post__read-more\" href=\"https:\/\/singulardendak.com\/?p=8772\" aria-label=\"M\u00e1s informaci\u00f3n sobre Campa\u00f1a \u00abNi Singular Naiz\u00bb\" tabindex=\"-1\" >\n\t\t\tGehiago irakurri \"\t\t<\/a>\n\n\t\t\t\t<\/div>\n\t\t\t\t<\/article>\n\t\t\t\t<article class=\"elementor-post elementor-grid-item post-8766 post type-post status-publish format-standard has-post-thumbnail hentry category-eventos category-sin-categorizar\" role=\"listitem\">\n\t\t\t\t<a class=\"elementor-post__thumbnail__link\" href=\"https:\/\/singulardendak.com\/?p=8766\" tabindex=\"-1\" >\n\t\t\t<div class=\"elementor-post__thumbnail\"><img loading=\"lazy\" decoding=\"async\" width=\"525\" height=\"467\" src=\"https:\/\/singulardendak.com\/wp-content\/uploads\/2024\/12\/Conoce-a-las-Singular-Dendak-a-traves-de-nuestras-redes-sociales.webp\" class=\"attachment-full size-full wp-image-8767\" alt=\"\" srcset=\"https:\/\/singulardendak.com\/wp-content\/uploads\/2024\/12\/Conoce-a-las-Singular-Dendak-a-traves-de-nuestras-redes-sociales.webp 525w, https:\/\/singulardendak.com\/wp-content\/uploads\/2024\/12\/Conoce-a-las-Singular-Dendak-a-traves-de-nuestras-redes-sociales-300x267.webp 300w\" sizes=\"(max-width: 525px) 100vw, 525px\" \/><\/div>\n\t\t<\/a>\n\t\t\t\t<div class=\"elementor-post__text\">\n\t\t\t\t<h3 class=\"elementor-post__title\">\n\t\t\t<a href=\"https:\/\/singulardendak.com\/?p=8766\" >\n\t\t\t\tConoce a las Singular Dendak a trav\u00e9s de nuestras redes sociales\t\t\t<\/a>\n\t\t<\/h3>\n\t\t\t\t<div class=\"elementor-post__excerpt\">\n\t\t\t<p>Hemos iniciado ya la publicaci\u00f3n de las fichas de la box sectorial en redes sociales. Diariamente conoceremos a uno de los 163 establecimientos que, a d\u00eda de hoy, cuentan con<\/p>\n\t\t<\/div>\n\t\t\n\t\t<a class=\"elementor-post__read-more\" href=\"https:\/\/singulardendak.com\/?p=8766\" aria-label=\"M\u00e1s informaci\u00f3n sobre Conoce a las Singular Dendak a trav\u00e9s de nuestras redes sociales\" tabindex=\"-1\" >\n\t\t\tGehiago irakurri \"\t\t<\/a>\n\n\t\t\t\t<\/div>\n\t\t\t\t<\/article>\n\t\t\t\t<article class=\"elementor-post elementor-grid-item post-8760 post type-post status-publish format-standard has-post-thumbnail hentry category-noticias\" role=\"listitem\">\n\t\t\t\t<a class=\"elementor-post__thumbnail__link\" href=\"https:\/\/singulardendak.com\/?p=8760\" tabindex=\"-1\" >\n\t\t\t<div class=\"elementor-post__thumbnail\"><img loading=\"lazy\" decoding=\"async\" width=\"593\" height=\"499\" src=\"https:\/\/singulardendak.com\/wp-content\/uploads\/2024\/12\/Singular-Dendak-en-las-Oficinas-de-Turismo-guipuzcoanas.webp\" class=\"attachment-full size-full wp-image-8762\" alt=\"\" srcset=\"https:\/\/singulardendak.com\/wp-content\/uploads\/2024\/12\/Singular-Dendak-en-las-Oficinas-de-Turismo-guipuzcoanas.webp 593w, https:\/\/singulardendak.com\/wp-content\/uploads\/2024\/12\/Singular-Dendak-en-las-Oficinas-de-Turismo-guipuzcoanas-300x252.webp 300w\" sizes=\"(max-width: 593px) 100vw, 593px\" \/><\/div>\n\t\t<\/a>\n\t\t\t\t<div class=\"elementor-post__text\">\n\t\t\t\t<h3 class=\"elementor-post__title\">\n\t\t\t<a href=\"https:\/\/singulardendak.com\/?p=8760\" >\n\t\t\t\tSingular Dendak en las Oficinas de Turismo guipuzcoanas\t\t\t<\/a>\n\t\t<\/h3>\n\t\t\t\t<div class=\"elementor-post__excerpt\">\n\t\t\t<p>Con el objetivo de llegar al turismo que estos d\u00edas visitan nuestra provincia, hemos posicionado las primeras box sectoriales en las Oficinas de Turismo de: \u2022Donostia-San Sebasti\u00e1n \u2022Arrasate \u2022Eibar \u2022Tolosa<\/p>\n\t\t<\/div>\n\t\t\n\t\t<a class=\"elementor-post__read-more\" href=\"https:\/\/singulardendak.com\/?p=8760\" aria-label=\"M\u00e1s informaci\u00f3n sobre Singular Dendak en las Oficinas de Turismo guipuzcoanas\" tabindex=\"-1\" >\n\t\t\tGehiago irakurri \"\t\t<\/a>\n\n\t\t\t\t<\/div>\n\t\t\t\t<\/article>\n\t\t\t\t<\/div>\n\t\t\n\t\t\t\t<div class=\"e-load-more-anchor\" data-page=\"1\" data-max-page=\"8\" data-next-page=\"https:\/\/singulardendak.com\/index.php\/wp\/v2\/pages\/3208&#038;paged=2?rest_route=\"><\/div>\n\t\t\t\t<nav class=\"elementor-pagination\" aria-label=\"Paginaci\u00f3n\">\n\t\t\t<span aria-current=\"page\" class=\"page-numbers current\"><span class=\"elementor-screen-only\">P\u00e1gina<\/span>1<\/span>\n<a class=\"page-numbers\" href=\"https:\/\/singulardendak.com\/index.php\/wp\/v2\/pages\/3208\/?paged=2\"><span class=\"elementor-screen-only\">P\u00e1gina<\/span>2<\/a>\n<a class=\"page-numbers\" href=\"https:\/\/singulardendak.com\/index.php\/wp\/v2\/pages\/3208\/?paged=3\"><span class=\"elementor-screen-only\">P\u00e1gina<\/span>3<\/a>\n<a class=\"page-numbers\" href=\"https:\/\/singulardendak.com\/index.php\/wp\/v2\/pages\/3208\/?paged=4\"><span class=\"elementor-screen-only\">P\u00e1gina<\/span>4<\/a>\n<a class=\"page-numbers\" href=\"https:\/\/singulardendak.com\/index.php\/wp\/v2\/pages\/3208\/?paged=5\"><span class=\"elementor-screen-only\">P\u00e1gina<\/span>5<\/a>\t\t<\/nav>\n\t\t\t\t\t\t<\/div>\n\t\t\t\t<\/div>\n\t\t\t\t\t<\/div>\n\t\t\t\t<\/div>\n\t\t\t\t<\/div>\n\t\t","protected":false},"excerpt":{"rendered":"<p>Albisteak<\/p>\n","protected":false},"author":1,"featured_media":0,"parent":0,"menu_order":0,"comment_status":"closed","ping_status":"closed","template":"","meta":{"_acf_changed":false,"_monsterinsights_skip_tracking":false,"_monsterinsights_sitenote_active":false,"_monsterinsights_sitenote_note":"","_monsterinsights_sitenote_category":0,"footnotes":""},"class_list":["post-3208","page","type-page","status-publish","hentry"],"acf":[],"yoast_head":"<!-- This site is optimized with the Yoast SEO plugin v27.0 - https:\/\/yoast.com\/product\/yoast-seo-wordpress\/ -->\n<title>Albisteak - Singular Dendak<\/title>\n<meta name=\"robots\" content=\"index, follow, max-snippet:-1, max-image-preview:large, max-video-preview:-1\" \/>\n<link rel=\"canonical\" href=\"https:\/\/singulardendak.com\/?page_id=3208\" \/>\n<meta property=\"og:locale\" content=\"es_ES\" \/>\n<meta property=\"og:type\" content=\"article\" \/>\n<meta property=\"og:title\" content=\"Albisteak - Singular Dendak\" \/>\n<meta property=\"og:description\" content=\"Albisteak\" \/>\n<meta property=\"og:url\" content=\"https:\/\/singulardendak.com\/?page_id=3208&amp;lang=eu\" \/>\n<meta property=\"og:site_name\" content=\"Singular Dendak\" \/>\n<meta property=\"article:modified_time\" content=\"2025-05-19T07:27:26+00:00\" \/>\n<meta name=\"twitter:card\" content=\"summary_large_image\" \/>\n<meta name=\"twitter:label1\" content=\"Tiempo de lectura\" \/>\n\t<meta name=\"twitter:data1\" content=\"3 minutos\" \/>\n<script type=\"application\/ld+json\" class=\"yoast-schema-graph\">{\"@context\":\"https:\/\/schema.org\",\"@graph\":[{\"@type\":\"WebPage\",\"@id\":\"https:\/\/singulardendak.com\/?page_id=3208&lang=eu\",\"url\":\"https:\/\/singulardendak.com\/?page_id=3208&lang=eu\",\"name\":\"Albisteak - Singular Dendak\",\"isPartOf\":{\"@id\":\"https:\/\/singulardendak.com\/#website\"},\"datePublished\":\"2024-10-25T16:43:41+00:00\",\"dateModified\":\"2025-05-19T07:27:26+00:00\",\"breadcrumb\":{\"@id\":\"https:\/\/singulardendak.com\/?page_id=3208&lang=eu#breadcrumb\"},\"inLanguage\":\"es\",\"potentialAction\":[{\"@type\":\"ReadAction\",\"target\":[\"https:\/\/singulardendak.com\/?page_id=3208&lang=eu\"]}]},{\"@type\":\"BreadcrumbList\",\"@id\":\"https:\/\/singulardendak.com\/?page_id=3208&lang=eu#breadcrumb\",\"itemListElement\":[{\"@type\":\"ListItem\",\"position\":1,\"name\":\"Portada\",\"item\":\"https:\/\/singulardendak.com\/\"},{\"@type\":\"ListItem\",\"position\":2,\"name\":\"Albisteak\"}]},{\"@type\":\"WebSite\",\"@id\":\"https:\/\/singulardendak.com\/#website\",\"url\":\"https:\/\/singulardendak.com\/\",\"name\":\"Singular Dendak\",\"description\":\"\",\"publisher\":{\"@id\":\"https:\/\/singulardendak.com\/#organization\"},\"potentialAction\":[{\"@type\":\"SearchAction\",\"target\":{\"@type\":\"EntryPoint\",\"urlTemplate\":\"https:\/\/singulardendak.com\/?s={search_term_string}\"},\"query-input\":{\"@type\":\"PropertyValueSpecification\",\"valueRequired\":true,\"valueName\":\"search_term_string\"}}],\"inLanguage\":\"es\"},{\"@type\":\"Organization\",\"@id\":\"https:\/\/singulardendak.com\/#organization\",\"name\":\"Singular Dendak\",\"url\":\"https:\/\/singulardendak.com\/\",\"logo\":{\"@type\":\"ImageObject\",\"inLanguage\":\"es\",\"@id\":\"https:\/\/singulardendak.com\/#\/schema\/logo\/image\/\",\"url\":\"https:\/\/singulardendak.com\/wp-content\/uploads\/2024\/10\/Logo-vectorizado-pasado-a-PNG-para-web-SINGULAR-DENDAK.webp\",\"contentUrl\":\"https:\/\/singulardendak.com\/wp-content\/uploads\/2024\/10\/Logo-vectorizado-pasado-a-PNG-para-web-SINGULAR-DENDAK.webp\",\"width\":391,\"height\":103,\"caption\":\"Singular Dendak\"},\"image\":{\"@id\":\"https:\/\/singulardendak.com\/#\/schema\/logo\/image\/\"}}]}<\/script>\n<!-- \/ Yoast SEO plugin. -->","yoast_head_json":{"title":"Albisteak - Singular Dendak","robots":{"index":"index","follow":"follow","max-snippet":"max-snippet:-1","max-image-preview":"max-image-preview:large","max-video-preview":"max-video-preview:-1"},"canonical":"https:\/\/singulardendak.com\/?page_id=3208","og_locale":"es_ES","og_type":"article","og_title":"Albisteak - Singular Dendak","og_description":"Albisteak","og_url":"https:\/\/singulardendak.com\/?page_id=3208&lang=eu","og_site_name":"Singular Dendak","article_modified_time":"2025-05-19T07:27:26+00:00","twitter_card":"summary_large_image","twitter_misc":{"Tiempo de lectura":"3 minutos"},"schema":{"@context":"https:\/\/schema.org","@graph":[{"@type":"WebPage","@id":"https:\/\/singulardendak.com\/?page_id=3208&lang=eu","url":"https:\/\/singulardendak.com\/?page_id=3208&lang=eu","name":"Albisteak - Singular Dendak","isPartOf":{"@id":"https:\/\/singulardendak.com\/#website"},"datePublished":"2024-10-25T16:43:41+00:00","dateModified":"2025-05-19T07:27:26+00:00","breadcrumb":{"@id":"https:\/\/singulardendak.com\/?page_id=3208&lang=eu#breadcrumb"},"inLanguage":"es","potentialAction":[{"@type":"ReadAction","target":["https:\/\/singulardendak.com\/?page_id=3208&lang=eu"]}]},{"@type":"BreadcrumbList","@id":"https:\/\/singulardendak.com\/?page_id=3208&lang=eu#breadcrumb","itemListElement":[{"@type":"ListItem","position":1,"name":"Portada","item":"https:\/\/singulardendak.com\/"},{"@type":"ListItem","position":2,"name":"Albisteak"}]},{"@type":"WebSite","@id":"https:\/\/singulardendak.com\/#website","url":"https:\/\/singulardendak.com\/","name":"Singular Dendak","description":"","publisher":{"@id":"https:\/\/singulardendak.com\/#organization"},"potentialAction":[{"@type":"SearchAction","target":{"@type":"EntryPoint","urlTemplate":"https:\/\/singulardendak.com\/?s={search_term_string}"},"query-input":{"@type":"PropertyValueSpecification","valueRequired":true,"valueName":"search_term_string"}}],"inLanguage":"es"},{"@type":"Organization","@id":"https:\/\/singulardendak.com\/#organization","name":"Singular Dendak","url":"https:\/\/singulardendak.com\/","logo":{"@type":"ImageObject","inLanguage":"es","@id":"https:\/\/singulardendak.com\/#\/schema\/logo\/image\/","url":"https:\/\/singulardendak.com\/wp-content\/uploads\/2024\/10\/Logo-vectorizado-pasado-a-PNG-para-web-SINGULAR-DENDAK.webp","contentUrl":"https:\/\/singulardendak.com\/wp-content\/uploads\/2024\/10\/Logo-vectorizado-pasado-a-PNG-para-web-SINGULAR-DENDAK.webp","width":391,"height":103,"caption":"Singular Dendak"},"image":{"@id":"https:\/\/singulardendak.com\/#\/schema\/logo\/image\/"}}]}},"_links":{"self":[{"href":"https:\/\/singulardendak.com\/index.php?rest_route=\/wp\/v2\/pages\/3208","targetHints":{"allow":["GET"]}}],"collection":[{"href":"https:\/\/singulardendak.com\/index.php?rest_route=\/wp\/v2\/pages"}],"about":[{"href":"https:\/\/singulardendak.com\/index.php?rest_route=\/wp\/v2\/types\/page"}],"author":[{"embeddable":true,"href":"https:\/\/singulardendak.com\/index.php?rest_route=\/wp\/v2\/users\/1"}],"replies":[{"embeddable":true,"href":"https:\/\/singulardendak.com\/index.php?rest_route=%2Fwp%2Fv2%2Fcomments&post=3208"}],"version-history":[{"count":0,"href":"https:\/\/singulardendak.com\/index.php?rest_route=\/wp\/v2\/pages\/3208\/revisions"}],"wp:attachment":[{"href":"https:\/\/singulardendak.com\/index.php?rest_route=%2Fwp%2Fv2%2Fmedia&parent=3208"}],"curies":[{"name":"wp","href":"https:\/\/api.w.org\/{rel}","templated":true}]}}